{"id":67,"date":"2024-05-17T11:51:28","date_gmt":"2024-05-17T11:51:28","guid":{"rendered":"http:\/\/xinterio-demo.pbminfotech.com\/demo1\/?page_id=4895"},"modified":"2026-04-20T13:19:31","modified_gmt":"2026-04-20T13:19:31","slug":"tarihce","status":"publish","type":"page","link":"https:\/\/www.themood.com.tr\/en\/tarihce\/","title":{"rendered":"History"},"content":{"rendered":"<div data-elementor-type=\"wp-page\" data-elementor-id=\"67\" class=\"elementor elementor-67\" data-elementor-post-type=\"page\">\n\t\t\t\t\t\t<section class=\"elementor-section elementor-top-section elementor-element elementor-element-8c08a5e elementor-section-full_width elementor-section-stretched pbmit-col-stretched-none pbmit-bg-color-over-image elementor-section-height-default elementor-section-height-default\" data-id=\"8c08a5e\" data-element_type=\"section\" data-e-type=\"section\" data-settings=\"{&quot;stretch_section&quot;:&quot;section-stretched&quot;}\">\n\t\t\t\t\t\t<div class=\"elementor-container elementor-column-gap-no\">\n\t\t\t\t\t<div class=\"elementor-column elementor-col-100 elementor-top-column elementor-element elementor-element-bea57cf pbmit-bg-color-over-image\" data-id=\"bea57cf\" data-element_type=\"column\" data-e-type=\"column\">\n\t\t\t<div class=\"elementor-widget-wrap elementor-element-populated\">\n\t\t\t\t\t\t<div class=\"elementor-element elementor-element-452dfd8 elementor-widget elementor-widget-pbmit_timeline_element\" data-id=\"452dfd8\" data-element_type=\"widget\" data-e-type=\"widget\" data-widget_type=\"pbmit_timeline_element.default\">\n\t\t\t\t<div class=\"elementor-widget-container\">\n\t\t\t\t\t\t\t\t<div class=\"pbminfotech-element\t\t\t\tpbminfotech-element-timeline\t\t\t\tpbmit-element-timeline-style-1\t\t\t\tpbmit-element-viewtype-carousel\t\t\t\tpbmit-element-column-four\t\t\t\tpbmit-element-sticky-carousel-false\t\t\t\tpbmit-element-caroursel-dot-false\t\t\t\tpbmit-infinite-scroll-no\t\t\t\tpbmit-infinite-scroll-button-no\"\r\n\t\t\t\tdata-cpt=\"timeline\"\r\n\t\t\t\tdata-totalpagination=\"1\"\r\n\t\t\t\tdata-style=\"1\"\r\n\t\t\t\tdata-show=\"3\"\r\n\t\t\t\tdata-columns=\"4\"\r\n\t\t\t\tdata-loop=\"false\"\r\n\t\t\t\tdata-autoplay=\"false\"\r\n\t\t\t\tdata-center=\"false\"\r\n\t\t\t\tdata-nav=\"false\"\r\n\t\t\t\tdata-dots=\"false\"\r\n\t\t\t\tdata-reverse=\"false\"\r\n\t\t\t\tdata-speed=\"1000\"\r\n\t\t\t\tdata-marquee-speed=\"10000\"\r\n\t\t\t\tdata-delay=\"4000\"\r\n\t\t\t\tdata-margin=\"\"\r\n\t\t\t\tdata-show-portion=\"false\">\r\n\t\t\t\t<div class=\"pbmit-element-inner\">\r\n\t\t\t\t\t\r\n\t\t<div class=\"pbmit-timeline\">\r\n\t\t\t <div class=\"container\"> \t\t\t\t<div class=\"pbmit-ele-header-area\">\r\n\t\t\t\t\t <div class=\"pbmit-heading-subheading  animation-style4\"><\/div>\t\t\t\t<\/div>\r\n\t\t\t <\/div> \t\t\t\t<div class=\"pbmit-element-posts-wrapper row multi-columns-row swiper-container\">\r\n\t\t\t\t\t\t\r\n\t\t\t\t\t\t\t<div class=\"pbmit-timeline-wrapper swiper-slide\">\r\n\t\t\t\t\t\t\t\t\t\t\t\t\t\t\t\t\t<div class=\"pbmit-same-height steps-media pbmit-feature-image\">\r\n\t\t\t\t\t\t\t\t\t\t<img decoding=\"async\" src=\"https:\/\/www.themood.com.tr\/wp-content\/uploads\/2026\/02\/kurulus.jpg\" alt=\"Kurulu\u015f\" \/>\t\t\t\t\t\t\t\t\t<\/div>\r\n\t\t\t\t\t\t\t\t\t\t\t\t\t\t\t\t<div class=\"steps-dot\"><i class=\"steps-dot-line\"><\/i><span class=\"dot\"><\/span><\/div>\r\n\t\t\t\t\t\t\t\t<div class=\"pbmit-same-height steps-content_wrap\">\r\n\t\t\t\t\t\t\t\t\t<p class=\"pbmit-timeline-year\">2018<\/p>\r\n\t\t\t\t\t\t\t\t\t<h3 class=\"pbmit-timeline-title\">Founding<\/h3>\r\n\t\t\t\t\t\t\t\t\t<p class=\"pbmit-timeline-desc\"><\/p>\r\n\t\t\t\t\t\t\t\t<\/div>\r\n\t\t\t\t\t\t\t<\/div>\t\t\r\n\t\t\t\t\t\t\t\r\n\t\t\t\t\t\t\t<div class=\"pbmit-timeline-wrapper swiper-slide\">\r\n\t\t\t\t\t\t\t\t\t\t\t\t\t\t\t\t\t<div class=\"pbmit-same-height steps-media pbmit-feature-image\">\r\n\t\t\t\t\t\t\t\t\t\t<img decoding=\"async\" src=\"http:\/\/xinterio-demo.pbminfotech.com\/datasite-03\/wp-content\/uploads\/sites\/16\/2024\/05\/time-line.jpg\" alt=\"Tasar\u0131m Dilinin Olu\u015fmas\u0131\" \/>\t\t\t\t\t\t\t\t\t<\/div>\r\n\t\t\t\t\t\t\t\t\t\t\t\t\t\t\t\t<div class=\"steps-dot\"><i class=\"steps-dot-line\"><\/i><span class=\"dot\"><\/span><\/div>\r\n\t\t\t\t\t\t\t\t<div class=\"pbmit-same-height steps-content_wrap\">\r\n\t\t\t\t\t\t\t\t\t<p class=\"pbmit-timeline-year\">2020 <\/p>\r\n\t\t\t\t\t\t\t\t\t<h3 class=\"pbmit-timeline-title\">The Development of Design Language<\/h3>\r\n\t\t\t\t\t\t\t\t\t<p class=\"pbmit-timeline-desc\"><\/p>\r\n\t\t\t\t\t\t\t\t<\/div>\r\n\t\t\t\t\t\t\t<\/div>\t\t\r\n\t\t\t\t\t\t\t\r\n\t\t\t\t\t\t\t<div class=\"pbmit-timeline-wrapper swiper-slide\">\r\n\t\t\t\t\t\t\t\t\t\t\t\t\t\t\t\t\t<div class=\"pbmit-same-height steps-media pbmit-feature-image\">\r\n\t\t\t\t\t\t\t\t\t\t<img decoding=\"async\" src=\"https:\/\/www.themood.com.tr\/wp-content\/uploads\/2026\/02\/buyume-guclenme-the-mood.jpg\" alt=\"B\u00fcy\u00fcme ve G\u00fc\u00e7lenme\" \/>\t\t\t\t\t\t\t\t\t<\/div>\r\n\t\t\t\t\t\t\t\t\t\t\t\t\t\t\t\t<div class=\"steps-dot\"><i class=\"steps-dot-line\"><\/i><span class=\"dot\"><\/span><\/div>\r\n\t\t\t\t\t\t\t\t<div class=\"pbmit-same-height steps-content_wrap\">\r\n\t\t\t\t\t\t\t\t\t<p class=\"pbmit-timeline-year\">2022<\/p>\r\n\t\t\t\t\t\t\t\t\t<h3 class=\"pbmit-timeline-title\">Growth and Strengthening<\/h3>\r\n\t\t\t\t\t\t\t\t\t<p class=\"pbmit-timeline-desc\">\n<\/p>\r\n\t\t\t\t\t\t\t\t<\/div>\r\n\t\t\t\t\t\t\t<\/div>\t\t\r\n\t\t\t\t\t\t\t\r\n\t\t\t\t\t\t\t<div class=\"pbmit-timeline-wrapper swiper-slide\">\r\n\t\t\t\t\t\t\t\t\t\t\t\t\t\t\t\t\t<div class=\"pbmit-same-height steps-media pbmit-feature-image\">\r\n\t\t\t\t\t\t\t\t\t\t<img decoding=\"async\" src=\"https:\/\/www.themood.com.tr\/wp-content\/uploads\/2026\/02\/the-mood-tarihce.jpg\" alt=\"Zamans\u0131z Tasar\u0131mlar\" \/>\t\t\t\t\t\t\t\t\t<\/div>\r\n\t\t\t\t\t\t\t\t\t\t\t\t\t\t\t\t<div class=\"steps-dot\"><i class=\"steps-dot-line\"><\/i><span class=\"dot\"><\/span><\/div>\r\n\t\t\t\t\t\t\t\t<div class=\"pbmit-same-height steps-content_wrap\">\r\n\t\t\t\t\t\t\t\t\t<p class=\"pbmit-timeline-year\">2026<\/p>\r\n\t\t\t\t\t\t\t\t\t<h3 class=\"pbmit-timeline-title\">Timeless Designs<\/h3>\r\n\t\t\t\t\t\t\t\t\t<p class=\"pbmit-timeline-desc\"><\/p>\r\n\t\t\t\t\t\t\t\t<\/div>\r\n\t\t\t\t\t\t\t<\/div>\t\t\r\n\t\t\t\t\t\t\t\t\t\t\t\r\n\t\t\t\t<\/div>\r\n\t\t\t\t<\/div>\r\n\t\t\t\t\t\t<\/div><!-- .pbmit-element-inner -->\r\n\t\t\t<\/div><!-- .pbminfotech-element -->\r\n\t\t\t\t\t\t\t\t<\/div>\n\t\t\t\t<\/div>\n\t\t\t\t\t<\/div>\n\t\t<\/div>\n\t\t\t\t\t<\/div>\n\t\t<\/section>\n\t\t\t\t<section class=\"elementor-section elementor-top-section elementor-element elementor-element-119f8ab pbmit-bg-color-yes pbmit-elementor-bg-color-secondary pbmit-text-color-white pbmit-bg-image-over-color elementor-section-full_width elementor-section-stretched pbmit-subheading-color animated-slow pbmit-col-stretched-none elementor-section-height-default elementor-section-height-default elementor-invisible\" data-id=\"119f8ab\" data-element_type=\"section\" data-e-type=\"section\" data-settings=\"{&quot;stretch_section&quot;:&quot;section-stretched&quot;,&quot;background_background&quot;:&quot;classic&quot;,&quot;animation&quot;:&quot;fadeIn&quot;}\">\n\t\t\t\t\t\t\t<div class=\"elementor-background-overlay\"><\/div>\n\t\t\t\t\t\t\t<div class=\"elementor-container elementor-column-gap-no\">\n\t\t\t\t\t<div class=\"elementor-column elementor-col-100 elementor-top-column elementor-element elementor-element-0ca169f pbmit-bg-color-over-image\" data-id=\"0ca169f\" data-element_type=\"column\" data-e-type=\"column\">\n\t\t\t<div class=\"elementor-widget-wrap elementor-element-populated\">\n\t\t\t\t\t\t<div class=\"elementor-element elementor-element-c66939b elementor-widget elementor-widget-pbmit_heading\" data-id=\"c66939b\" data-element_type=\"widget\" data-e-type=\"widget\" data-widget_type=\"pbmit_heading.default\">\n\t\t\t\t<div class=\"elementor-widget-container\">\n\t\t\t\t\t <div class=\"pbmit-heading-subheading pbmit-reverse-heading-yes animation-style4\"><h2 class=\"pbmit-element-title\">\r\n\t\t\t\t\r\n\t\t\t\t\tWould you like to share your ideas with us?\n\r\n\t\t\t\t\r\n\t\t\t\t<\/h2>\r\n\t\t\t<\/div>\t\t\t\t<\/div>\n\t\t\t\t<\/div>\n\t\t\t\t\t<\/div>\n\t\t<\/div>\n\t\t\t\t\t<\/div>\n\t\t<\/section>\n\t\t\t\t<section class=\"elementor-section elementor-top-section elementor-element elementor-element-fc91def pbmit-col-stretched-none pbmit-bg-color-over-image elementor-section-boxed elementor-section-height-default elementor-section-height-default\" data-id=\"fc91def\" data-element_type=\"section\" data-e-type=\"section\">\n\t\t\t\t\t\t<div class=\"elementor-container elementor-column-gap-no\">\n\t\t\t\t\t<div class=\"elementor-column elementor-col-100 elementor-top-column elementor-element elementor-element-3096f3f pbmit-bg-color-over-image\" data-id=\"3096f3f\" data-element_type=\"column\" data-e-type=\"column\">\n\t\t\t<div class=\"elementor-widget-wrap elementor-element-populated\">\n\t\t\t\t\t\t<div class=\"elementor-element elementor-element-4a92ed0 pbmit-ele-header-align-center elementor-widget elementor-widget-pbmit_blog_element\" data-id=\"4a92ed0\" data-element_type=\"widget\" data-e-type=\"widget\" data-widget_type=\"pbmit_blog_element.default\">\n\t\t\t\t<div class=\"elementor-widget-container\">\n\t\t\t\t\t\t\t\t<div class=\"pbminfotech-element\t\t\t\tpbminfotech-element-blog\t\t\t\tpbmit-element-blog-style-4\t\t\t\tpbmit-element-viewtype-carousel\t\t\t\tpbmit-element-column-three\t\t\t\tpbmit-element-sticky-carousel-false\t\t\t\tpbmit-element-caroursel-dot-false\t\t\t\tpbmit-infinite-scroll-no\t\t\t\tpbmit-infinite-scroll-button-no\t\t\t\tpbminfotech-gap-default\"\r\n\t\t\t\tdata-cpt=\"blog\"\r\n\t\t\t\tdata-totalpagination=\"42\"\r\n\t\t\t\tdata-style=\"4\"\r\n\t\t\t\tdata-show=\"5\"\r\n\t\t\t\tdata-columns=\"3\"\r\n\t\t\t\tdata-loop=\"true\"\r\n\t\t\t\tdata-autoplay=\"false\"\r\n\t\t\t\tdata-center=\"false\"\r\n\t\t\t\tdata-nav=\"false\"\r\n\t\t\t\tdata-dots=\"false\"\r\n\t\t\t\tdata-reverse=\"false\"\r\n\t\t\t\tdata-speed=\"3000\"\r\n\t\t\t\tdata-marquee-speed=\"10000\"\r\n\t\t\t\tdata-delay=\"4000\"\r\n\t\t\t\tdata-margin=\"default\"\r\n\t\t\t\tdata-show-portion=\"false\">\r\n\t\t\t\t<div class=\"pbmit-element-inner\">\r\n\t\t\t\t\t<div class=\"pbmit-ele-header-area\">\r\n\t\t\t <div class=\"pbmit-heading-subheading pbmit-reverse-heading-yes animation-style2\"><h4 class=\"pbmit-element-subtitle\"><span>\r\n\t\t\t\t<\/span>\r\n\t\t\t\t\r\n\t\t\t\t\tThe Mood Architecture\r\n\t\t\t\t\r\n\t\t\t\t<\/h4>\r\n\t\t\t<h2 class=\"pbmit-element-title\">\r\n\t\t\t\t\r\n\t\t\t\t\tLatest Developments\r\n\t\t\t\t\r\n\t\t\t\t<\/h2>\r\n\t\t\t<\/div>\t\t\t\t\t<\/div>\r\n\t\t<div class=\"pbmit-infinite-scroll-data\">{\"cpt\":\"blog\",\"style\":\"4\",\"columns\":\"3\",\"show\":5,\"order\":\"DESC\",\"orderby\":\"none\"}<\/div>\t\t\t<div class=\"pbmit-element-posts-wrapper multi-columns-row row swiper-container\">\r\n\t\t\t\t\r\n\t\t\t\t\t<article class=\"pbmit-ele pbmit-ele-blog pbmit-blog-style-4 col-md-4 genel pbmit-term-54 pbmit-odd pbmit-col-odd\"><div class=\"pbmit-post-item\">\r\n\t<div class=\"pbmit-featured-wrapper\">\r\n\t\t<div class=\"pbmit-featured-container\">\r\n\t\t\t<div class=\"pbmit-featured-img-wrapper\"><div class=\"pbmit-featured-wrapper\"><a href=\"https:\/\/www.themood.com.tr\/en\/1071-lounge-kirkpinar-gelenekten-modernlige-uzanan-ikinci-adim-2\/\"><\/a><\/div><\/div>\t\t\t<a class=\"pbmit-link\" href=\"https:\/\/www.themood.com.tr\/en\/1071-lounge-kirkpinar-gelenekten-modernlige-uzanan-ikinci-adim-2\/\" title=\"Go to 1071 Lounge K\u0131rkp\u0131nar: Gelenekten Modernli\u011fe Uzanan \u0130kinci Ad\u0131m\"><\/a>\r\n\t\t<\/div>\r\n\t\t<div class=\"pbmit-meta-date pbmit-meta-line\">\r\n\t\t\t<span class=\"pbmit-post-date\">10 Oct 2025<\/span>\r\n\t\t<\/div>\r\n\t<\/div>\r\n\t<div class=\"pbmit-content-wrapper\">\r\n\t\t<h3 class=\"pbmit-post-title\"><a href=\"https:\/\/www.themood.com.tr\/en\/1071-lounge-kirkpinar-gelenekten-modernlige-uzanan-ikinci-adim-2\/\">1071 Lounge K\u0131rkp\u0131nar: The Second Step from Tradition to Modernity<\/a><\/h3>\r\n\t\t<div class=\"pbmit-meta-category-wrapper pbmit-meta-line\">\r\n\t\t\t<div class=\"pbmit-meta-category\"><a href=\"https:\/\/www.themood.com.tr\/en\/category\/genel\/\" rel=\"category tag\">Genel<\/a><\/div>\r\n\t\t<\/div>\r\n\t<\/div>\r\n<\/div><\/article><article class=\"pbmit-ele pbmit-ele-blog pbmit-blog-style-4 col-md-4 genel pbmit-term-54 pbmit-even pbmit-col-odd\"><div class=\"pbmit-post-item\">\r\n\t<div class=\"pbmit-featured-wrapper\">\r\n\t\t<div class=\"pbmit-featured-container\">\r\n\t\t\t<div class=\"pbmit-featured-img-wrapper\"><div class=\"pbmit-featured-wrapper\"><a href=\"https:\/\/www.themood.com.tr\/en\/1071-lounge-basiskele-maziden-ilham-alan-ilk-sube\/\"><\/a><\/div><\/div>\t\t\t<a class=\"pbmit-link\" href=\"https:\/\/www.themood.com.tr\/en\/1071-lounge-basiskele-maziden-ilham-alan-ilk-sube\/\" title=\"Go to 1071 Lounge Ba\u015fiskele: M\u00e2zi\u2019den \u0130lham Alan \u0130lk \u015eube\"><\/a>\r\n\t\t<\/div>\r\n\t\t<div class=\"pbmit-meta-date pbmit-meta-line\">\r\n\t\t\t<span class=\"pbmit-post-date\">10 Oct 2025<\/span>\r\n\t\t<\/div>\r\n\t<\/div>\r\n\t<div class=\"pbmit-content-wrapper\">\r\n\t\t<h3 class=\"pbmit-post-title\"><a href=\"https:\/\/www.themood.com.tr\/en\/1071-lounge-basiskele-maziden-ilham-alan-ilk-sube\/\">1071 Lounge Ba\u015fiskele: M\u00e2zi\u2019den \u0130lham Alan \u0130lk \u015eube<\/a><\/h3>\r\n\t\t<div class=\"pbmit-meta-category-wrapper pbmit-meta-line\">\r\n\t\t\t<div class=\"pbmit-meta-category\"><a href=\"https:\/\/www.themood.com.tr\/en\/category\/genel\/\" rel=\"category tag\">Genel<\/a><\/div>\r\n\t\t<\/div>\r\n\t<\/div>\r\n<\/div><\/article><article class=\"pbmit-ele pbmit-ele-blog pbmit-blog-style-4 col-md-4 the-mood-architecture pbmit-term-29 pbmit-odd pbmit-col-odd\"><div class=\"pbmit-post-item\">\r\n\t<div class=\"pbmit-featured-wrapper\">\r\n\t\t<div class=\"pbmit-featured-container\">\r\n\t\t\t<div class=\"pbmit-featured-img-wrapper\"><div class=\"pbmit-featured-wrapper\"><a href=\"https:\/\/www.themood.com.tr\/en\/1071-lounge-kirkpinar-gelenekten-modernlige-uzanan-ikinci-adim\/\"><\/a><\/div><\/div>\t\t\t<a class=\"pbmit-link\" href=\"https:\/\/www.themood.com.tr\/en\/1071-lounge-kirkpinar-gelenekten-modernlige-uzanan-ikinci-adim\/\" title=\"Go to 1071 Lounge K\u0131rkp\u0131nar: Gelenekten Modernli\u011fe Uzanan \u0130kinci Ad\u0131m\"><\/a>\r\n\t\t<\/div>\r\n\t\t<div class=\"pbmit-meta-date pbmit-meta-line\">\r\n\t\t\t<span class=\"pbmit-post-date\">5 May 2024<\/span>\r\n\t\t<\/div>\r\n\t<\/div>\r\n\t<div class=\"pbmit-content-wrapper\">\r\n\t\t<h3 class=\"pbmit-post-title\"><a href=\"https:\/\/www.themood.com.tr\/en\/1071-lounge-kirkpinar-gelenekten-modernlige-uzanan-ikinci-adim\/\">1071 Lounge K\u0131rkp\u0131nar: The Second Step from Tradition to Modernity<\/a><\/h3>\r\n\t\t<div class=\"pbmit-meta-category-wrapper pbmit-meta-line\">\r\n\t\t\t<div class=\"pbmit-meta-category\"><a href=\"https:\/\/www.themood.com.tr\/en\/category\/the-mood-architecture\/\" rel=\"category tag\">The Mood Architecture<\/a><\/div>\r\n\t\t<\/div>\r\n\t<\/div>\r\n<\/div><\/article><article class=\"pbmit-ele pbmit-ele-blog pbmit-blog-style-4 col-md-4 the-mood-architecture pbmit-term-29 pbmit-even pbmit-col-even\"><div class=\"pbmit-post-item\">\r\n\t<div class=\"pbmit-featured-wrapper\">\r\n\t\t<div class=\"pbmit-featured-container\">\r\n\t\t\t<div class=\"pbmit-featured-img-wrapper\"><div class=\"pbmit-featured-wrapper\"><a href=\"https:\/\/www.themood.com.tr\/en\/kocaeli-en-iyi-mutfak-tasarimi-yapan-firmalar\/\"><\/a><\/div><\/div>\t\t\t<a class=\"pbmit-link\" href=\"https:\/\/www.themood.com.tr\/en\/kocaeli-en-iyi-mutfak-tasarimi-yapan-firmalar\/\" title=\"Go to Kocaeli En \u0130yi Mutfak Tasar\u0131m\u0131 Yapan Firmalar\"><\/a>\r\n\t\t<\/div>\r\n\t\t<div class=\"pbmit-meta-date pbmit-meta-line\">\r\n\t\t\t<span class=\"pbmit-post-date\">5 May 2024<\/span>\r\n\t\t<\/div>\r\n\t<\/div>\r\n\t<div class=\"pbmit-content-wrapper\">\r\n\t\t<h3 class=\"pbmit-post-title\"><a href=\"https:\/\/www.themood.com.tr\/en\/kocaeli-en-iyi-mutfak-tasarimi-yapan-firmalar\/\">Top Kitchen Design Companies in Kocaeli<\/a><\/h3>\r\n\t\t<div class=\"pbmit-meta-category-wrapper pbmit-meta-line\">\r\n\t\t\t<div class=\"pbmit-meta-category\"><a href=\"https:\/\/www.themood.com.tr\/en\/category\/the-mood-architecture\/\" rel=\"category tag\">The Mood Architecture<\/a><\/div>\r\n\t\t<\/div>\r\n\t<\/div>\r\n<\/div><\/article><article class=\"pbmit-ele pbmit-ele-blog pbmit-blog-style-4 col-md-4 the-mood-architecture pbmit-term-29 pbmit-odd pbmit-col-even\"><div class=\"pbmit-post-item\">\r\n\t<div class=\"pbmit-featured-wrapper\">\r\n\t\t<div class=\"pbmit-featured-container\">\r\n\t\t\t<div class=\"pbmit-featured-img-wrapper\"><div class=\"pbmit-featured-wrapper\"><a href=\"https:\/\/www.themood.com.tr\/en\/izmitte-en-iyi-salon-tasarimi-yapan-firmalar\/\"><\/a><\/div><\/div>\t\t\t<a class=\"pbmit-link\" href=\"https:\/\/www.themood.com.tr\/en\/izmitte-en-iyi-salon-tasarimi-yapan-firmalar\/\" title=\"Go to \u0130zmit\u2019te En \u0130yi Salon Tasar\u0131m\u0131 Yapan Firmalar\"><\/a>\r\n\t\t<\/div>\r\n\t\t<div class=\"pbmit-meta-date pbmit-meta-line\">\r\n\t\t\t<span class=\"pbmit-post-date\">5 May 2024<\/span>\r\n\t\t<\/div>\r\n\t<\/div>\r\n\t<div class=\"pbmit-content-wrapper\">\r\n\t\t<h3 class=\"pbmit-post-title\"><a href=\"https:\/\/www.themood.com.tr\/en\/izmitte-en-iyi-salon-tasarimi-yapan-firmalar\/\">The Best Interior Design Firms in Izmit<\/a><\/h3>\r\n\t\t<div class=\"pbmit-meta-category-wrapper pbmit-meta-line\">\r\n\t\t\t<div class=\"pbmit-meta-category\"><a href=\"https:\/\/www.themood.com.tr\/en\/category\/the-mood-architecture\/\" rel=\"category tag\">The Mood Architecture<\/a><\/div>\r\n\t\t<\/div>\r\n\t<\/div>\r\n<\/div><\/article>\r\n\t\t\t<\/div> <!-- .pbmit-element-posts-wrapper -->\r\n\t\t\t\r\n\t\t\t\r\n\t\t\t\t\t\t<\/div><!-- .pbmit-element-inner -->\r\n\t\t\t<\/div><!-- .pbminfotech-element -->\r\n\t\t\t\t\t\t\t<\/div>\n\t\t\t\t<\/div>\n\t\t\t\t\t<\/div>\n\t\t<\/div>\n\t\t\t\t\t<\/div>\n\t\t<\/section>\n\t\t\t\t<\/div>","protected":false},"excerpt":{"rendered":"<p>2018 Kurulu\u015f 2020 Tasar\u0131m Dilinin Olu\u015fmas\u0131 2022 B\u00fcy\u00fcme ve G\u00fc\u00e7lenme 2026 Zamans\u0131z Tasar\u0131mlar F\u0130K\u0130RLER\u0130N\u0130Z\u0130 B\u0130Z\u0130MLE DE\u011eERLEND\u0130RMEK \u0130STER M\u0130S\u0130N\u0130Z? The Mood Architecture G\u00fcncel Geli\u015fmeler {&#8220;cpt&#8221;:&#8221;blog&#8221;,&#8221;style&#8221;:&#8221;4&#8243;,&#8221;columns&#8221;:&#8221;3&#8243;,&#8221;show&#8221;:5,&#8221;order&#8221;:&#8221;DESC&#8221;,&#8221;orderby&#8221;:&#8221;none&#8221;} 10 Eki 2025 1071 Lounge K\u0131rkp\u0131nar: Gelenekten Modernli\u011fe Uzanan \u0130kinci Ad\u0131m Genel 10 Eki 2025 1071 Lounge Ba\u015fiskele: M\u00e2zi\u2019den \u0130lham Alan \u0130lk \u015eube Genel 5 May 2024 1071 Lounge K\u0131rkp\u0131nar: Gelenekten [&hellip;]<\/p>\n","protected":false},"author":1,"featured_media":0,"parent":0,"menu_order":4,"comment_status":"closed","ping_status":"closed","template":"","meta":{"_acf_changed":false,"inline_featured_image":false,"footnotes":""},"class_list":["post-67","page","type-page","status-publish","hentry"],"acf":[],"_links":{"self":[{"href":"https:\/\/www.themood.com.tr\/en\/wp-json\/wp\/v2\/pages\/67","targetHints":{"allow":["GET"]}}],"collection":[{"href":"https:\/\/www.themood.com.tr\/en\/wp-json\/wp\/v2\/pages"}],"about":[{"href":"https:\/\/www.themood.com.tr\/en\/wp-json\/wp\/v2\/types\/page"}],"author":[{"embeddable":true,"href":"https:\/\/www.themood.com.tr\/en\/wp-json\/wp\/v2\/users\/1"}],"replies":[{"embeddable":true,"href":"https:\/\/www.themood.com.tr\/en\/wp-json\/wp\/v2\/comments?post=67"}],"version-history":[{"count":34,"href":"https:\/\/www.themood.com.tr\/en\/wp-json\/wp\/v2\/pages\/67\/revisions"}],"predecessor-version":[{"id":6249,"href":"https:\/\/www.themood.com.tr\/en\/wp-json\/wp\/v2\/pages\/67\/revisions\/6249"}],"wp:attachment":[{"href":"https:\/\/www.themood.com.tr\/en\/wp-json\/wp\/v2\/media?parent=67"}],"curies":[{"name":"wp","href":"https:\/\/api.w.org\/{rel}","templated":true}]}}