{"id":1900,"date":"2026-04-15T10:32:57","date_gmt":"2026-04-15T10:32:57","guid":{"rendered":"https:\/\/www.themood.com.tr\/?page_id=1900"},"modified":"2026-04-20T13:10:54","modified_gmt":"2026-04-20T13:10:54","slug":"proje","status":"publish","type":"page","link":"https:\/\/www.themood.com.tr\/en\/proje\/","title":{"rendered":"Projects"},"content":{"rendered":"<div data-elementor-type=\"wp-page\" data-elementor-id=\"1900\" class=\"elementor elementor-1900\" data-elementor-post-type=\"page\">\n\t\t\t\t<div class=\"elementor-element elementor-element-e2c43d4 e-flex e-con-boxed e-con e-parent\" data-id=\"e2c43d4\" data-element_type=\"container\" data-e-type=\"container\" data-settings=\"{&quot;background_background&quot;:&quot;video&quot;,&quot;background_video_link&quot;:&quot;https:\\\/\\\/www.youtube.com\\\/watch?v=OP_fVIUTr9Y&quot;}\">\n\t\t\t\t\t<div class=\"e-con-inner\">\n\t\t<div class=\"elementor-background-video-container elementor-hidden-mobile\">\n\t\t\t\t\t\t\t<div class=\"elementor-background-video-embed\" role=\"presentation\"><\/div>\n\t\t\t\t\t\t<\/div>\t\t\t<\/div>\n\t\t\t\t<\/div>\n\t\t<div class=\"elementor-element elementor-element-111846e e-flex e-con-boxed e-con e-parent\" data-id=\"111846e\" data-element_type=\"container\" data-e-type=\"container\">\n\t\t\t\t\t<div class=\"e-con-inner\">\n\t\t\t\t\t<\/div>\n\t\t\t\t<\/div>\n\t\t<div class=\"elementor-element elementor-element-3840d02 e-flex e-con-boxed e-con e-parent\" data-id=\"3840d02\" data-element_type=\"container\" data-e-type=\"container\">\n\t\t\t\t\t<div class=\"e-con-inner\">\n\t\t\t\t<div class=\"elementor-element elementor-element-b87e21e elementor-widget elementor-widget-pbmit_portfolio_element\" data-id=\"b87e21e\" data-element_type=\"widget\" data-e-type=\"widget\" data-widget_type=\"pbmit_portfolio_element.default\">\n\t\t\t\t<div class=\"elementor-widget-container\">\n\t\t\t\t\t\t\t\t\t\t<div class=\"pbminfotech-element\t\t\t\tpbminfotech-element-portfolio\t\t\t\tpbmit-element-portfolio-style-3\t\t\t\tpbmit-element-viewtype-row-column\t\t\t\tpbmit-element-column-three\t\t\t\tpbmit-element-sticky-carousel-false\t\t\t\tpbmit-element-caroursel-dot-false\t\t\t\tpbmit-infinite-scroll-no\t\t\t\tpbmit-infinite-scroll-button-no\t\t\t\tpbminfotech-gap-default\"\r\n\t\t\t\tdata-cpt=\"portfolio\"\r\n\t\t\t\tdata-totalpagination=\"3\"\r\n\t\t\t\tdata-style=\"3\"\r\n\t\t\t\tdata-show=\"9\"\r\n\t\t\t\tdata-columns=\"3\"\r\n\t\t\t\tdata-loop=\"false\"\r\n\t\t\t\tdata-autoplay=\"false\"\r\n\t\t\t\tdata-center=\"false\"\r\n\t\t\t\tdata-nav=\"false\"\r\n\t\t\t\tdata-dots=\"false\"\r\n\t\t\t\tdata-reverse=\"false\"\r\n\t\t\t\tdata-speed=\"1000\"\r\n\t\t\t\tdata-marquee-speed=\"10000\"\r\n\t\t\t\tdata-delay=\"4000\"\r\n\t\t\t\tdata-margin=\"default\"\r\n\t\t\t\tdata-show-portion=\"false\">\r\n\t\t\t\t<div class=\"pbmit-element-inner\">\r\n\t\t\t\t\t\t\t\t\t\t\t\t<div class=\"pbmit-ele-header-area\">\r\n\t\t\t\t\t <div class=\"pbmit-heading-subheading  animation-style4\"><\/div>\t\t\t\t\t\t\t\t\t<\/div>\r\n\t\t\t\t\t\t\t<div class=\"pbmit-infinite-scroll-data\">{\"cpt\":\"portfolio\",\"style\":\"3\",\"columns\":\"3\",\"show\":9,\"order\":\"DESC\",\"orderby\":\"none\"}<\/div>\r\n\t\t\r\n\t\t\r\n\t\t\t\t<div class=\"pbmit-element-posts-wrapper row multi-columns-row\" >\r\n\t\t\t\t\r\n\t\t\t\t\t<article class=\"pbmit-ele pbmit-ele-portfolio pbmit-portfolio-style-3 col-md-4 the-mood-architecture pbmit-term-34 pbmit-odd pbmit-col-odd\"><div class=\"pbminfotech-post-content\">\r\n\t<div class=\"pbmit-featured-img-wrapper\"><div class=\"pbmit-featured-wrapper\"><a href=\"https:\/\/www.themood.com.tr\/en\/projeler\/teknopark-ofis-kocaeli\/\"><img fetchpriority=\"high\" decoding=\"async\" width=\"960\" height=\"760\" src=\"https:\/\/www.themood.com.tr\/wp-content\/uploads\/2026\/04\/Teknopark-Ofis-Kocaeli-ana-sayfa-960x760.jpg\" class=\"attachment-pbmit-img-960x760 size-pbmit-img-960x760 wp-post-image\" alt=\"\" \/><\/a><\/div><\/div>\t<div class=\"pbminfotech-box-content\">\r\n\t\t<div class=\"pbminfotech-titlebox\">\r\n\t\t\t<div class=\"pbmit-port-cat\"><a href=\"https:\/\/www.themood.com.tr\/en\/portfolio-category\/the-mood-architecture\/\" rel=\"tag\">The Mood Architecture<\/a><\/div>\r\n\t\t\t<h3 class=\"pbmit-portfolio-title\"><a href=\"https:\/\/www.themood.com.tr\/en\/projeler\/teknopark-ofis-kocaeli\/\">Teknopark Ofis &#8211; Kocaeli<\/a><\/h3>\r\n\t\t<\/div>\r\n\t<\/div>\r\n\t<div class=\"pbmit-portfolio-btn\">\r\n\t\t<a href=\"https:\/\/www.themood.com.tr\/en\/projeler\/teknopark-ofis-kocaeli\/\" title=\"Go to Teknopark Ofis &#8211; Kocaeli\"><i class=\"pbmit-base-icon-pbmit-up-arrow\"><\/i><\/a>\r\n\t<\/div>\r\n\t<a class=\"pbmit-link\" href=\"https:\/\/www.themood.com.tr\/en\/projeler\/teknopark-ofis-kocaeli\/\" title=\"Go to Teknopark Ofis &#8211; Kocaeli\"><\/a>\r\n<\/div>\r\n<\/article><article class=\"pbmit-ele pbmit-ele-portfolio pbmit-portfolio-style-3 col-md-4 the-mood-architecture pbmit-term-34 pbmit-even pbmit-col-odd\"><div class=\"pbminfotech-post-content\">\r\n\t<div class=\"pbmit-featured-img-wrapper\"><div class=\"pbmit-featured-wrapper\"><a href=\"https:\/\/www.themood.com.tr\/en\/projeler\/arabistan-bungalov\/\"><img decoding=\"async\" width=\"960\" height=\"760\" src=\"https:\/\/www.themood.com.tr\/wp-content\/uploads\/2026\/04\/arabistan-bungalov-ana-sayfa-960x760.jpg\" class=\"attachment-pbmit-img-960x760 size-pbmit-img-960x760 wp-post-image\" alt=\"\" \/><\/a><\/div><\/div>\t<div class=\"pbminfotech-box-content\">\r\n\t\t<div class=\"pbminfotech-titlebox\">\r\n\t\t\t<div class=\"pbmit-port-cat\"><a href=\"https:\/\/www.themood.com.tr\/en\/portfolio-category\/the-mood-architecture\/\" rel=\"tag\">The Mood Architecture<\/a><\/div>\r\n\t\t\t<h3 class=\"pbmit-portfolio-title\"><a href=\"https:\/\/www.themood.com.tr\/en\/projeler\/arabistan-bungalov\/\">Arabistan Bungalov<\/a><\/h3>\r\n\t\t<\/div>\r\n\t<\/div>\r\n\t<div class=\"pbmit-portfolio-btn\">\r\n\t\t<a href=\"https:\/\/www.themood.com.tr\/en\/projeler\/arabistan-bungalov\/\" title=\"Go to Arabistan Bungalov\"><i class=\"pbmit-base-icon-pbmit-up-arrow\"><\/i><\/a>\r\n\t<\/div>\r\n\t<a class=\"pbmit-link\" href=\"https:\/\/www.themood.com.tr\/en\/projeler\/arabistan-bungalov\/\" title=\"Go to Arabistan Bungalov\"><\/a>\r\n<\/div>\r\n<\/article><article class=\"pbmit-ele pbmit-ele-portfolio pbmit-portfolio-style-3 col-md-4 the-mood-architecture pbmit-term-34 pbmit-odd pbmit-col-odd\"><div class=\"pbminfotech-post-content\">\r\n\t<div class=\"pbmit-featured-img-wrapper\"><div class=\"pbmit-featured-wrapper\"><a href=\"https:\/\/www.themood.com.tr\/en\/projeler\/nouf-cafe-kocaeli\/\"><img decoding=\"async\" width=\"960\" height=\"760\" src=\"https:\/\/www.themood.com.tr\/wp-content\/uploads\/2026\/04\/nouf-cafe-ana-sayfa-960x760.jpg\" class=\"attachment-pbmit-img-960x760 size-pbmit-img-960x760 wp-post-image\" alt=\"\" \/><\/a><\/div><\/div>\t<div class=\"pbminfotech-box-content\">\r\n\t\t<div class=\"pbminfotech-titlebox\">\r\n\t\t\t<div class=\"pbmit-port-cat\"><a href=\"https:\/\/www.themood.com.tr\/en\/portfolio-category\/the-mood-architecture\/\" rel=\"tag\">The Mood Architecture<\/a><\/div>\r\n\t\t\t<h3 class=\"pbmit-portfolio-title\"><a href=\"https:\/\/www.themood.com.tr\/en\/projeler\/nouf-cafe-kocaeli\/\">Nouf Cafe &#8211; Kocaeli<\/a><\/h3>\r\n\t\t<\/div>\r\n\t<\/div>\r\n\t<div class=\"pbmit-portfolio-btn\">\r\n\t\t<a href=\"https:\/\/www.themood.com.tr\/en\/projeler\/nouf-cafe-kocaeli\/\" title=\"Go to Nouf Cafe &#8211; Kocaeli\"><i class=\"pbmit-base-icon-pbmit-up-arrow\"><\/i><\/a>\r\n\t<\/div>\r\n\t<a class=\"pbmit-link\" href=\"https:\/\/www.themood.com.tr\/en\/projeler\/nouf-cafe-kocaeli\/\" title=\"Go to Nouf Cafe &#8211; Kocaeli\"><\/a>\r\n<\/div>\r\n<\/article><article class=\"pbmit-ele pbmit-ele-portfolio pbmit-portfolio-style-3 col-md-4 the-mood-architecture pbmit-term-34 pbmit-even pbmit-col-even\"><div class=\"pbminfotech-post-content\">\r\n\t<div class=\"pbmit-featured-img-wrapper\"><div class=\"pbmit-featured-wrapper\"><a href=\"https:\/\/www.themood.com.tr\/en\/projeler\/joen\/\"><img loading=\"lazy\" decoding=\"async\" width=\"960\" height=\"760\" src=\"https:\/\/www.themood.com.tr\/wp-content\/uploads\/2026\/04\/joen-ana-sayfa-960x760.jpg\" class=\"attachment-pbmit-img-960x760 size-pbmit-img-960x760 wp-post-image\" alt=\"\" \/><\/a><\/div><\/div>\t<div class=\"pbminfotech-box-content\">\r\n\t\t<div class=\"pbminfotech-titlebox\">\r\n\t\t\t<div class=\"pbmit-port-cat\"><a href=\"https:\/\/www.themood.com.tr\/en\/portfolio-category\/the-mood-architecture\/\" rel=\"tag\">The Mood Architecture<\/a><\/div>\r\n\t\t\t<h3 class=\"pbmit-portfolio-title\"><a href=\"https:\/\/www.themood.com.tr\/en\/projeler\/joen\/\">Joen<\/a><\/h3>\r\n\t\t<\/div>\r\n\t<\/div>\r\n\t<div class=\"pbmit-portfolio-btn\">\r\n\t\t<a href=\"https:\/\/www.themood.com.tr\/en\/projeler\/joen\/\" title=\"Go to Joen\"><i class=\"pbmit-base-icon-pbmit-up-arrow\"><\/i><\/a>\r\n\t<\/div>\r\n\t<a class=\"pbmit-link\" href=\"https:\/\/www.themood.com.tr\/en\/projeler\/joen\/\" title=\"Go to Joen\"><\/a>\r\n<\/div>\r\n<\/article><article class=\"pbmit-ele pbmit-ele-portfolio pbmit-portfolio-style-3 col-md-4 the-mood-architecture pbmit-term-34 pbmit-odd pbmit-col-even\"><div class=\"pbminfotech-post-content\">\r\n\t<div class=\"pbmit-featured-img-wrapper\"><div class=\"pbmit-featured-wrapper\"><a href=\"https:\/\/www.themood.com.tr\/en\/projeler\/mooboo\/\"><img loading=\"lazy\" decoding=\"async\" width=\"960\" height=\"760\" src=\"https:\/\/www.themood.com.tr\/wp-content\/uploads\/2026\/04\/mooboo-ana-sayfa-960x760.jpg\" class=\"attachment-pbmit-img-960x760 size-pbmit-img-960x760 wp-post-image\" alt=\"\" \/><\/a><\/div><\/div>\t<div class=\"pbminfotech-box-content\">\r\n\t\t<div class=\"pbminfotech-titlebox\">\r\n\t\t\t<div class=\"pbmit-port-cat\"><a href=\"https:\/\/www.themood.com.tr\/en\/portfolio-category\/the-mood-architecture\/\" rel=\"tag\">The Mood Architecture<\/a><\/div>\r\n\t\t\t<h3 class=\"pbmit-portfolio-title\"><a href=\"https:\/\/www.themood.com.tr\/en\/projeler\/mooboo\/\">Mooboo<\/a><\/h3>\r\n\t\t<\/div>\r\n\t<\/div>\r\n\t<div class=\"pbmit-portfolio-btn\">\r\n\t\t<a href=\"https:\/\/www.themood.com.tr\/en\/projeler\/mooboo\/\" title=\"Go to Mooboo\"><i class=\"pbmit-base-icon-pbmit-up-arrow\"><\/i><\/a>\r\n\t<\/div>\r\n\t<a class=\"pbmit-link\" href=\"https:\/\/www.themood.com.tr\/en\/projeler\/mooboo\/\" title=\"Go to Mooboo\"><\/a>\r\n<\/div>\r\n<\/article><article class=\"pbmit-ele pbmit-ele-portfolio pbmit-portfolio-style-3 col-md-4 the-mood-architecture pbmit-term-34 pbmit-even pbmit-col-even\"><div class=\"pbminfotech-post-content\">\r\n\t<div class=\"pbmit-featured-img-wrapper\"><div class=\"pbmit-featured-wrapper\"><a href=\"https:\/\/www.themood.com.tr\/en\/projeler\/kenan-bey-konut-istanbul\/\"><img loading=\"lazy\" decoding=\"async\" width=\"960\" height=\"760\" src=\"https:\/\/www.themood.com.tr\/wp-content\/uploads\/2026\/04\/kenan-bey-konut-ana-sayfa-960x760.jpg\" class=\"attachment-pbmit-img-960x760 size-pbmit-img-960x760 wp-post-image\" alt=\"\" \/><\/a><\/div><\/div>\t<div class=\"pbminfotech-box-content\">\r\n\t\t<div class=\"pbminfotech-titlebox\">\r\n\t\t\t<div class=\"pbmit-port-cat\"><a href=\"https:\/\/www.themood.com.tr\/en\/portfolio-category\/the-mood-architecture\/\" rel=\"tag\">The Mood Architecture<\/a><\/div>\r\n\t\t\t<h3 class=\"pbmit-portfolio-title\"><a href=\"https:\/\/www.themood.com.tr\/en\/projeler\/kenan-bey-konut-istanbul\/\">Kenan Bey Konut &#8211; \u0130stanbul<\/a><\/h3>\r\n\t\t<\/div>\r\n\t<\/div>\r\n\t<div class=\"pbmit-portfolio-btn\">\r\n\t\t<a href=\"https:\/\/www.themood.com.tr\/en\/projeler\/kenan-bey-konut-istanbul\/\" title=\"Go to Kenan Bey Konut &#8211; \u0130stanbul\"><i class=\"pbmit-base-icon-pbmit-up-arrow\"><\/i><\/a>\r\n\t<\/div>\r\n\t<a class=\"pbmit-link\" href=\"https:\/\/www.themood.com.tr\/en\/projeler\/kenan-bey-konut-istanbul\/\" title=\"Go to Kenan Bey Konut &#8211; \u0130stanbul\"><\/a>\r\n<\/div>\r\n<\/article><article class=\"pbmit-ele pbmit-ele-portfolio pbmit-portfolio-style-3 col-md-4 the-mood-architecture pbmit-term-34 pbmit-odd pbmit-col-odd\"><div class=\"pbminfotech-post-content\">\r\n\t<div class=\"pbmit-featured-img-wrapper\"><div class=\"pbmit-featured-wrapper\"><a href=\"https:\/\/www.themood.com.tr\/en\/projeler\/packet-burger-kocaeli\/\"><img loading=\"lazy\" decoding=\"async\" width=\"960\" height=\"760\" src=\"https:\/\/www.themood.com.tr\/wp-content\/uploads\/2026\/04\/packet-burger-ana-sayfa-960x760.jpg\" class=\"attachment-pbmit-img-960x760 size-pbmit-img-960x760 wp-post-image\" alt=\"\" \/><\/a><\/div><\/div>\t<div class=\"pbminfotech-box-content\">\r\n\t\t<div class=\"pbminfotech-titlebox\">\r\n\t\t\t<div class=\"pbmit-port-cat\"><a href=\"https:\/\/www.themood.com.tr\/en\/portfolio-category\/the-mood-architecture\/\" rel=\"tag\">The Mood Architecture<\/a><\/div>\r\n\t\t\t<h3 class=\"pbmit-portfolio-title\"><a href=\"https:\/\/www.themood.com.tr\/en\/projeler\/packet-burger-kocaeli\/\">Packet Burger &#8211; Kocaeli<\/a><\/h3>\r\n\t\t<\/div>\r\n\t<\/div>\r\n\t<div class=\"pbmit-portfolio-btn\">\r\n\t\t<a href=\"https:\/\/www.themood.com.tr\/en\/projeler\/packet-burger-kocaeli\/\" title=\"Go to Packet Burger &#8211; Kocaeli\"><i class=\"pbmit-base-icon-pbmit-up-arrow\"><\/i><\/a>\r\n\t<\/div>\r\n\t<a class=\"pbmit-link\" href=\"https:\/\/www.themood.com.tr\/en\/projeler\/packet-burger-kocaeli\/\" title=\"Go to Packet Burger &#8211; Kocaeli\"><\/a>\r\n<\/div>\r\n<\/article><article class=\"pbmit-ele pbmit-ele-portfolio pbmit-portfolio-style-3 col-md-4 the-mood-architecture pbmit-term-34 pbmit-even pbmit-col-odd\"><div class=\"pbminfotech-post-content\">\r\n\t<div class=\"pbmit-featured-img-wrapper\"><div class=\"pbmit-featured-wrapper\"><a href=\"https:\/\/www.themood.com.tr\/en\/projeler\/emlak-kilavuzu-kocaeli\/\"><img loading=\"lazy\" decoding=\"async\" width=\"960\" height=\"760\" src=\"https:\/\/www.themood.com.tr\/wp-content\/uploads\/2026\/04\/emlak-ana-sayfa-960x760.jpg\" class=\"attachment-pbmit-img-960x760 size-pbmit-img-960x760 wp-post-image\" alt=\"\" \/><\/a><\/div><\/div>\t<div class=\"pbminfotech-box-content\">\r\n\t\t<div class=\"pbminfotech-titlebox\">\r\n\t\t\t<div class=\"pbmit-port-cat\"><a href=\"https:\/\/www.themood.com.tr\/en\/portfolio-category\/the-mood-architecture\/\" rel=\"tag\">The Mood Architecture<\/a><\/div>\r\n\t\t\t<h3 class=\"pbmit-portfolio-title\"><a href=\"https:\/\/www.themood.com.tr\/en\/projeler\/emlak-kilavuzu-kocaeli\/\">Emlak K\u0131lavuzu &#8211; Kocaeli<\/a><\/h3>\r\n\t\t<\/div>\r\n\t<\/div>\r\n\t<div class=\"pbmit-portfolio-btn\">\r\n\t\t<a href=\"https:\/\/www.themood.com.tr\/en\/projeler\/emlak-kilavuzu-kocaeli\/\" title=\"Go to Emlak K\u0131lavuzu &#8211; Kocaeli\"><i class=\"pbmit-base-icon-pbmit-up-arrow\"><\/i><\/a>\r\n\t<\/div>\r\n\t<a class=\"pbmit-link\" href=\"https:\/\/www.themood.com.tr\/en\/projeler\/emlak-kilavuzu-kocaeli\/\" title=\"Go to Emlak K\u0131lavuzu &#8211; Kocaeli\"><\/a>\r\n<\/div>\r\n<\/article><article class=\"pbmit-ele pbmit-ele-portfolio pbmit-portfolio-style-3 col-md-4 the-mood-architecture pbmit-term-34 pbmit-odd pbmit-col-odd\"><div class=\"pbminfotech-post-content\">\r\n\t<div class=\"pbmit-featured-img-wrapper\"><div class=\"pbmit-featured-wrapper\"><a href=\"https:\/\/www.themood.com.tr\/en\/projeler\/ikon-vadi\/\"><img loading=\"lazy\" decoding=\"async\" width=\"960\" height=\"760\" src=\"https:\/\/www.themood.com.tr\/wp-content\/uploads\/2026\/04\/art-hilal-anasayfa-960x760.jpg\" class=\"attachment-pbmit-img-960x760 size-pbmit-img-960x760 wp-post-image\" alt=\"\" \/><\/a><\/div><\/div>\t<div class=\"pbminfotech-box-content\">\r\n\t\t<div class=\"pbminfotech-titlebox\">\r\n\t\t\t<div class=\"pbmit-port-cat\"><a href=\"https:\/\/www.themood.com.tr\/en\/portfolio-category\/the-mood-architecture\/\" rel=\"tag\">The Mood Architecture<\/a><\/div>\r\n\t\t\t<h3 class=\"pbmit-portfolio-title\"><a href=\"https:\/\/www.themood.com.tr\/en\/projeler\/ikon-vadi\/\">\u0130kon Vadi<\/a><\/h3>\r\n\t\t<\/div>\r\n\t<\/div>\r\n\t<div class=\"pbmit-portfolio-btn\">\r\n\t\t<a href=\"https:\/\/www.themood.com.tr\/en\/projeler\/ikon-vadi\/\" title=\"Go to \u0130kon Vadi\"><i class=\"pbmit-base-icon-pbmit-up-arrow\"><\/i><\/a>\r\n\t<\/div>\r\n\t<a class=\"pbmit-link\" href=\"https:\/\/www.themood.com.tr\/en\/projeler\/ikon-vadi\/\" title=\"Go to \u0130kon Vadi\"><\/a>\r\n<\/div>\r\n<\/article>\t\t\t<\/div>\r\n\t\t\t\t\r\n\t\t\t<div class=\"clearfix\"><\/div><div class=\"pbmit-pagination\"><div class=\"nav-links\"><span class=\"page-numbers current\">1<\/span>\n<a class=\"page-numbers\" href=\"https:\/\/www.themood.com.tr\/en\/wp-json\/wp\/v2\/pages\/1900\/page\/2\/\">2<\/a>\n<a class=\"page-numbers\" href=\"https:\/\/www.themood.com.tr\/en\/wp-json\/wp\/v2\/pages\/1900\/page\/3\/\">3<\/a>\n<a class=\"next page-numbers\" href=\"https:\/\/www.themood.com.tr\/en\/wp-json\/wp\/v2\/pages\/1900\/page\/2\/\"><i class=\"pbmit-base-icon-right-open\"><\/i><\/a><\/div><\/div><!-- .pbmit-pagination -->\t\t\t\r\n\t\t\t\t\t\t<\/div><!-- .pbmit-element-inner -->\r\n\t\t\t<\/div><!-- .pbminfotech-element -->\r\n\t\t\t\t\t\t\t<\/div>\n\t\t\t\t<\/div>\n\t\t\t\t\t<\/div>\n\t\t\t\t<\/div>\n\t\t\t\t<\/div>","protected":false},"excerpt":{"rendered":"<p>{&#8220;cpt&#8221;:&#8221;portfolio&#8221;,&#8221;style&#8221;:&#8221;3&#8243;,&#8221;columns&#8221;:&#8221;3&#8243;,&#8221;show&#8221;:9,&#8221;order&#8221;:&#8221;DESC&#8221;,&#8221;orderby&#8221;:&#8221;none&#8221;} The Mood Architecture Teknopark Ofis &#8211; Kocaeli The Mood Architecture Arabistan Bungalov The Mood Architecture Nouf Cafe &#8211; Kocaeli The Mood Architecture Joen The Mood Architecture Mooboo The Mood Architecture Kenan Bey Konut &#8211; \u0130stanbul The Mood Architecture Packet Burger &#8211; Kocaeli The Mood Architecture Emlak K\u0131lavuzu &#8211; Kocaeli The Mood Architecture \u0130kon Vadi [&hellip;]<\/p>\n","protected":false},"author":1,"featured_media":0,"parent":0,"menu_order":3,"comment_status":"closed","ping_status":"closed","template":"","meta":{"_acf_changed":false,"inline_featured_image":false,"footnotes":""},"class_list":["post-1900","page","type-page","status-publish","hentry"],"acf":[],"_links":{"self":[{"href":"https:\/\/www.themood.com.tr\/en\/wp-json\/wp\/v2\/pages\/1900","targetHints":{"allow":["GET"]}}],"collection":[{"href":"https:\/\/www.themood.com.tr\/en\/wp-json\/wp\/v2\/pages"}],"about":[{"href":"https:\/\/www.themood.com.tr\/en\/wp-json\/wp\/v2\/types\/page"}],"author":[{"embeddable":true,"href":"https:\/\/www.themood.com.tr\/en\/wp-json\/wp\/v2\/users\/1"}],"replies":[{"embeddable":true,"href":"https:\/\/www.themood.com.tr\/en\/wp-json\/wp\/v2\/comments?post=1900"}],"version-history":[{"count":93,"href":"https:\/\/www.themood.com.tr\/en\/wp-json\/wp\/v2\/pages\/1900\/revisions"}],"predecessor-version":[{"id":6231,"href":"https:\/\/www.themood.com.tr\/en\/wp-json\/wp\/v2\/pages\/1900\/revisions\/6231"}],"wp:attachment":[{"href":"https:\/\/www.themood.com.tr\/en\/wp-json\/wp\/v2\/media?parent=1900"}],"curies":[{"name":"wp","href":"https:\/\/api.w.org\/{rel}","templated":true}]}}